{"id":618,"date":"2018-11-05T16:17:59","date_gmt":"2018-11-05T18:17:59","guid":{"rendered":"http:\/\/ladynight.com.br\/lady\/?page_id=618"},"modified":"2018-11-05T16:31:02","modified_gmt":"2018-11-05T18:31:02","slug":"festas","status":"publish","type":"page","link":"https:\/\/ladynight.com.br\/lady\/festas\/","title":{"rendered":"Festas"},"content":{"rendered":"<p>Festas do m\u00eas na Lady Night, tradicional casa na Zona Sul de SP. prazer, conforto, excel\u00eancia no atendimento, ambiente descontra\u00eddo pra voc\u00ea.<\/p>\n","protected":false},"excerpt":{"rendered":"<p>Festas do m\u00eas na Lady Night, tradicional casa na Zona Sul de SP. prazer, conforto, excel\u00eancia no atendimento, ambiente descontra\u00eddo pra voc\u00ea.<\/p>\n","protected":false},"author":1,"featured_media":0,"parent":0,"menu_order":0,"comment_status":"closed","ping_status":"closed","template":"","meta":{"footnotes":""},"class_list":["post-618","page","type-page","status-publish","hentry","prodpage-style3"],"aioseo_notices":[],"_links":{"self":[{"href":"https:\/\/ladynight.com.br\/lady\/wp-json\/wp\/v2\/pages\/618","targetHints":{"allow":["GET"]}}],"collection":[{"href":"https:\/\/ladynight.com.br\/lady\/wp-json\/wp\/v2\/pages"}],"about":[{"href":"https:\/\/ladynight.com.br\/lady\/wp-json\/wp\/v2\/types\/page"}],"author":[{"embeddable":true,"href":"https:\/\/ladynight.com.br\/lady\/wp-json\/wp\/v2\/users\/1"}],"replies":[{"embeddable":true,"href":"https:\/\/ladynight.com.br\/lady\/wp-json\/wp\/v2\/comments?post=618"}],"version-history":[{"count":6,"href":"https:\/\/ladynight.com.br\/lady\/wp-json\/wp\/v2\/pages\/618\/revisions"}],"predecessor-version":[{"id":2575,"href":"https:\/\/ladynight.com.br\/lady\/wp-json\/wp\/v2\/pages\/618\/revisions\/2575"}],"wp:attachment":[{"href":"https:\/\/ladynight.com.br\/lady\/wp-json\/wp\/v2\/media?parent=618"}],"curies":[{"name":"wp","href":"https:\/\/api.w.org\/{rel}","templated":true}]}}